{"id":24,"date":"2017-11-03T10:44:14","date_gmt":"2017-11-03T09:44:14","guid":{"rendered":"http:\/\/www.aslabor.de\/opd\/?page_id=24"},"modified":"2019-05-03T08:31:36","modified_gmt":"2019-05-03T06:31:36","slug":"gsf","status":"publish","type":"page","link":"http:\/\/www.aslabor.de\/opd\/fraktionen\/gsf\/","title":{"rendered":"Global Support Foundation (GSF)"},"content":{"rendered":"<p><img loading=\"lazy\" decoding=\"async\" class=\"alignnone size-medium wp-image-187 aligncenter\" src=\"http:\/\/www.aslabor.de\/opd\/wp-content\/uploads\/2017\/12\/GSF-289x300.png\" alt=\"\" width=\"289\" height=\"300\" srcset=\"http:\/\/www.aslabor.de\/opd\/wp-content\/uploads\/2017\/12\/GSF-289x300.png 289w, http:\/\/www.aslabor.de\/opd\/wp-content\/uploads\/2017\/12\/GSF-768x796.png 768w, http:\/\/www.aslabor.de\/opd\/wp-content\/uploads\/2017\/12\/GSF-987x1024.png 987w, http:\/\/www.aslabor.de\/opd\/wp-content\/uploads\/2017\/12\/GSF-750x778.png 750w, http:\/\/www.aslabor.de\/opd\/wp-content\/uploads\/2017\/12\/GSF-24x24.png 24w, http:\/\/www.aslabor.de\/opd\/wp-content\/uploads\/2017\/12\/GSF-36x36.png 36w, http:\/\/www.aslabor.de\/opd\/wp-content\/uploads\/2017\/12\/GSF-46x48.png 46w\" sizes=\"auto, (max-width: 289px) 100vw, 289px\" \/><\/p>\n<p style=\"text-align: center;\"><span style=\"color: #3366ff; font-size: 18pt;\"><strong>!!! PRESSEFRAKTION F\u00dcR\u00a0MEDIAL AKTIVE\u00a0!!!<\/strong><\/span><\/p>\n<p><span style=\"font-size: 14pt;\">A<span style=\"font-size: 12pt;\">ls <strong>UN-Beobachter<\/strong> eingesetzt, scheint die <strong><span style=\"color: #337dff;\"><a style=\"color: #337dff;\" href=\"http:\/\/www.aslabor.de\/opd\/fraktionen\/gsf\/\" rel=\"noopener\">Global Support Foundation (GSF)<\/a><\/span><\/strong> in <a href=\"http:\/\/www.aslabor.de\/opd\/kunga\/\" rel=\"noopener\"><strong>Kunga<\/strong><\/a> weiterhin im Hintergrund die F\u00e4den zu ziehen, w\u00e4hrend Sie flei\u00dfig mittels Bildmaterial das Geschehen zwischen der <strong><span style=\"color: #009c00;\"><a style=\"color: #009c00;\" href=\"http:\/\/www.aslabor.de\/opd\/fraktionen\/kgf\/\" rel=\"noopener\">Kunganian Guard Force (KGF)<\/a><\/span><\/strong> und <span style=\"color: #731818;\"><strong><a style=\"color: #731818;\" href=\"http:\/\/www.aslabor.de\/opd\/fraktionen\/kra\/\" rel=\"noopener\">Kunganian Regular Army (KRA)<\/a><\/strong><\/span> dokumentiert.<\/span><\/span><\/p>\n<p><span style=\"font-size: 14pt;\"><strong><img loading=\"lazy\" decoding=\"async\" class=\"alignnone wp-image-102\" src=\"http:\/\/www.aslabor.de\/opd\/wp-content\/uploads\/2017\/11\/icon_char_300x300.png\" alt=\"\" width=\"32\" height=\"32\" srcset=\"http:\/\/www.aslabor.de\/opd\/wp-content\/uploads\/2017\/11\/icon_char_300x300.png 300w, http:\/\/www.aslabor.de\/opd\/wp-content\/uploads\/2017\/11\/icon_char_300x300-150x150.png 150w, http:\/\/www.aslabor.de\/opd\/wp-content\/uploads\/2017\/11\/icon_char_300x300-24x24.png 24w, http:\/\/www.aslabor.de\/opd\/wp-content\/uploads\/2017\/11\/icon_char_300x300-36x36.png 36w, http:\/\/www.aslabor.de\/opd\/wp-content\/uploads\/2017\/11\/icon_char_300x300-48x48.png 48w\" sizes=\"auto, (max-width: 32px) 100vw, 32px\" \/>\u00a0Spielweise:<\/strong><\/span><\/p>\n<ul>\n<li><span style=\"color: #3366ff; font-size: 12pt;\">100% Beobachtung und Dokumentation<\/span><\/li>\n<\/ul>\n<p><span style=\"font-size: 12pt;\">Du m\u00f6chtest\u00a0<span style=\"text-decoration: underline; color: #ff0000;\"><strong>nur<\/strong><\/span>\u00a0<strong>Bilder<\/strong>\u00a0und\/oder\u00a0<strong>Filmaufnahmen\u00a0<\/strong>bei dem Event machen und selber\u00a0<span style=\"text-decoration: underline;\"><span style=\"color: #ff0000; text-decoration: underline;\"><strong>nicht\u00a0spielen<\/strong><\/span><\/span> bzw. dich in die\u00a0<strong>Rolle<\/strong>\u00a0eines\u00a0<strong>Journalisten<\/strong>\u00a0auf Seiten der <strong><span style=\"color: #337dff;\"><a style=\"color: #337dff;\" href=\"http:\/\/www.aslabor.de\/opd\/fraktionen\/gsf\/\" rel=\"noopener\">GSF<\/a><\/span>\u00a0<\/strong>begeben?<\/span><\/p>\n<p><span style=\"font-size: 12pt;\">Dann \u00fcbernimm die\u00a0kreative\u00a0<strong>Rolle\u00a0eines\u00a0Journalisten\u00a0auf Seiten der <span style=\"color: #337dff;\"><a style=\"color: #337dff;\" href=\"http:\/\/www.aslabor.de\/opd\/fraktionen\/gsf\/\" rel=\"noopener\">GSF<\/a><\/span><\/strong>, um\u00a0die Taten der <strong><span style=\"color: #009c00;\"><a style=\"color: #009c00;\" href=\"http:\/\/www.aslabor.de\/opd\/fraktionen\/kgf\/\" rel=\"noopener\">KGF<\/a><\/span>\u00a0<\/strong>und <span style=\"color: #731818;\"><strong><a style=\"color: #731818;\" href=\"http:\/\/www.aslabor.de\/opd\/fraktionen\/kra\/\" rel=\"noopener\">KRA<\/a>\u00a0<\/strong><\/span>mit\u00a0<strong>Fotos<\/strong>\u00a0und\/oder\u00a0<strong>Videos\u00a0<\/strong>zu dokumentieren! Sind Deine Arbeit und Du\u00a0gut genug, um es in den\u00a0<strong>Kunga\u00a0Herald\u00a0<\/strong>zu schaffen?<\/span><\/p>\n<p><span style=\"font-size: 14pt;\"><strong><img loading=\"lazy\" decoding=\"async\" class=\"alignnone wp-image-121\" src=\"http:\/\/www.aslabor.de\/opd\/wp-content\/uploads\/2017\/11\/shirt.png\" alt=\"\" width=\"32\" height=\"32\" srcset=\"http:\/\/www.aslabor.de\/opd\/wp-content\/uploads\/2017\/11\/shirt.png 512w, http:\/\/www.aslabor.de\/opd\/wp-content\/uploads\/2017\/11\/shirt-150x150.png 150w, http:\/\/www.aslabor.de\/opd\/wp-content\/uploads\/2017\/11\/shirt-300x300.png 300w, http:\/\/www.aslabor.de\/opd\/wp-content\/uploads\/2017\/11\/shirt-24x24.png 24w, http:\/\/www.aslabor.de\/opd\/wp-content\/uploads\/2017\/11\/shirt-36x36.png 36w, http:\/\/www.aslabor.de\/opd\/wp-content\/uploads\/2017\/11\/shirt-48x48.png 48w\" sizes=\"auto, (max-width: 32px) 100vw, 32px\" \/> Kleidung:<\/strong><\/span><\/p>\n<ul>\n<li><span style=\"font-size: 12pt;\"><a href=\"http:\/\/www.aslabor.de\/opd\/wp-content\/uploads\/2017\/12\/strongbluehat.png\"><img loading=\"lazy\" decoding=\"async\" class=\"alignnone wp-image-224\" src=\"http:\/\/www.aslabor.de\/opd\/wp-content\/uploads\/2017\/12\/strongbluehat.png\" alt=\"Blauer Helm\" width=\"29\" height=\"32\" srcset=\"http:\/\/www.aslabor.de\/opd\/wp-content\/uploads\/2017\/12\/strongbluehat.png 368w, http:\/\/www.aslabor.de\/opd\/wp-content\/uploads\/2017\/12\/strongbluehat-275x300.png 275w, http:\/\/www.aslabor.de\/opd\/wp-content\/uploads\/2017\/12\/strongbluehat-22x24.png 22w, http:\/\/www.aslabor.de\/opd\/wp-content\/uploads\/2017\/12\/strongbluehat-33x36.png 33w, http:\/\/www.aslabor.de\/opd\/wp-content\/uploads\/2017\/12\/strongbluehat-44x48.png 44w\" sizes=\"auto, (max-width: 29px) 100vw, 29px\" \/><\/a>\u00a0bevorzugt blauer Helm oder blaues Basecap<\/span><\/li>\n<li><span style=\"font-size: 12pt;\"><a href=\"http:\/\/www.aslabor.de\/opd\/wp-content\/uploads\/2017\/12\/9861148.png\"><img loading=\"lazy\" decoding=\"async\" class=\"alignnone wp-image-223\" src=\"http:\/\/www.aslabor.de\/opd\/wp-content\/uploads\/2017\/12\/9861148.png\" alt=\"Blaue Weste\" width=\"29\" height=\"32\" srcset=\"http:\/\/www.aslabor.de\/opd\/wp-content\/uploads\/2017\/12\/9861148.png 368w, http:\/\/www.aslabor.de\/opd\/wp-content\/uploads\/2017\/12\/9861148-275x300.png 275w, http:\/\/www.aslabor.de\/opd\/wp-content\/uploads\/2017\/12\/9861148-22x24.png 22w, http:\/\/www.aslabor.de\/opd\/wp-content\/uploads\/2017\/12\/9861148-33x36.png 33w, http:\/\/www.aslabor.de\/opd\/wp-content\/uploads\/2017\/12\/9861148-44x48.png 44w\" sizes=\"auto, (max-width: 29px) 100vw, 29px\" \/><\/a>\u00a0bevorzugt blaue Schutz- oder Warnweste<\/span><\/li>\n<li><span style=\"font-size: 12pt;\"><a href=\"http:\/\/www.aslabor.de\/opd\/wp-content\/uploads\/2017\/12\/presspatch.png\"><img loading=\"lazy\" decoding=\"async\" class=\"alignnone wp-image-226\" src=\"http:\/\/www.aslabor.de\/opd\/wp-content\/uploads\/2017\/12\/presspatch.png\" alt=\"Presse Patch\/Beschriftung\" width=\"29\" height=\"32\" srcset=\"http:\/\/www.aslabor.de\/opd\/wp-content\/uploads\/2017\/12\/presspatch.png 368w, http:\/\/www.aslabor.de\/opd\/wp-content\/uploads\/2017\/12\/presspatch-275x300.png 275w, http:\/\/www.aslabor.de\/opd\/wp-content\/uploads\/2017\/12\/presspatch-22x24.png 22w, http:\/\/www.aslabor.de\/opd\/wp-content\/uploads\/2017\/12\/presspatch-33x36.png 33w, http:\/\/www.aslabor.de\/opd\/wp-content\/uploads\/2017\/12\/presspatch-44x48.png 44w\" sizes=\"auto, (max-width: 29px) 100vw, 29px\" \/><\/a> Aufschrift\u00a0\u201ePresse\u201c oder \u201ePress\u201c o.\u00e4. w\u00fcnschenswert<\/span><\/li>\n<\/ul>\n<p style=\"text-align: center;\"><strong><img loading=\"lazy\" decoding=\"async\" class=\"alignnone wp-image-241\" src=\"http:\/\/www.aslabor.de\/wp-content\/uploads\/2017\/11\/Tickets.png\" alt=\"\" width=\"64\" height=\"64\" \/>\u00a0<a class=\"wpb_button_gsf\" href=\"http:\/\/www.aslabor.de\/shop\/produkt\/ticket-gsf\/\" target=\"_blank\" rel=\"noopener noreferrer\">UNTERST\u00dcTZE DIE GSF IN KUNGA!<\/a> <img loading=\"lazy\" decoding=\"async\" class=\"alignnone wp-image-242\" src=\"http:\/\/www.aslabor.de\/wp-content\/uploads\/2017\/11\/Tickets2.png\" alt=\"\" width=\"64\" height=\"64\" \/><\/strong><\/p>\n","protected":false},"excerpt":{"rendered":"<p>!!! PRESSEFRAKTION F\u00dcR\u00a0MEDIAL AKTIVE\u00a0!!! Als UN-Beobachter eingesetzt, scheint die Global Support Foundation (GSF) in Kunga weiterhin im Hintergrund die F\u00e4den zu ziehen, w\u00e4hrend Sie flei\u00dfig mittels Bildmaterial das Geschehen zwischen der Kunganian Guard Force (KGF) und Kunganian Regular Army (KRA) dokumentiert. \u00a0Spielweise: 100% Beobachtung und Dokumentation Du m\u00f6chtest\u00a0nur\u00a0Bilder\u00a0und\/oder\u00a0Filmaufnahmen\u00a0bei dem Event machen und selber\u00a0nicht\u00a0spielen bzw. dich [&hellip;]<\/p>\n","protected":false},"author":1,"featured_media":0,"parent":244,"menu_order":0,"comment_status":"closed","ping_status":"closed","template":"","meta":{"footnotes":""},"class_list":["post-24","page","type-page","status-publish","hentry"],"_links":{"self":[{"href":"http:\/\/www.aslabor.de\/opd\/wp-json\/wp\/v2\/pages\/24","targetHints":{"allow":["GET"]}}],"collection":[{"href":"http:\/\/www.aslabor.de\/opd\/wp-json\/wp\/v2\/pages"}],"about":[{"href":"http:\/\/www.aslabor.de\/opd\/wp-json\/wp\/v2\/types\/page"}],"author":[{"embeddable":true,"href":"http:\/\/www.aslabor.de\/opd\/wp-json\/wp\/v2\/users\/1"}],"replies":[{"embeddable":true,"href":"http:\/\/www.aslabor.de\/opd\/wp-json\/wp\/v2\/comments?post=24"}],"version-history":[{"count":23,"href":"http:\/\/www.aslabor.de\/opd\/wp-json\/wp\/v2\/pages\/24\/revisions"}],"predecessor-version":[{"id":330,"href":"http:\/\/www.aslabor.de\/opd\/wp-json\/wp\/v2\/pages\/24\/revisions\/330"}],"up":[{"embeddable":true,"href":"http:\/\/www.aslabor.de\/opd\/wp-json\/wp\/v2\/pages\/244"}],"wp:attachment":[{"href":"http:\/\/www.aslabor.de\/opd\/wp-json\/wp\/v2\/media?parent=24"}],"curies":[{"name":"wp","href":"https:\/\/api.w.org\/{rel}","templated":true}]}}