{"id":22,"date":"2017-11-03T10:42:23","date_gmt":"2017-11-03T09:42:23","guid":{"rendered":"http:\/\/www.aslabor.de\/opd\/?page_id=22"},"modified":"2019-05-03T08:31:18","modified_gmt":"2019-05-03T06:31:18","slug":"kunga","status":"publish","type":"page","link":"http:\/\/www.aslabor.de\/opd\/kunga\/","title":{"rendered":"Kunga &#8211; Die bodenschatzreiche Republik Afrikas!"},"content":{"rendered":"<p><span style=\"font-size: 12pt;\"><img loading=\"lazy\" decoding=\"async\" class=\"size-full wp-image-69 alignleft\" src=\"http:\/\/www.aslabor.de\/opd\/wp-content\/uploads\/2017\/11\/Kunga-300x275.png\" alt=\"\" width=\"300\" height=\"275\" srcset=\"http:\/\/www.aslabor.de\/opd\/wp-content\/uploads\/2017\/11\/Kunga-300x275.png 300w, http:\/\/www.aslabor.de\/opd\/wp-content\/uploads\/2017\/11\/Kunga-300x275-24x22.png 24w, http:\/\/www.aslabor.de\/opd\/wp-content\/uploads\/2017\/11\/Kunga-300x275-36x33.png 36w, http:\/\/www.aslabor.de\/opd\/wp-content\/uploads\/2017\/11\/Kunga-300x275-48x44.png 48w\" sizes=\"auto, (max-width: 300px) 100vw, 300px\" \/><\/span><br \/>\n<span style=\"font-size: 12pt;\"> Staatsform: Republik<\/span><br \/>\n<span style=\"font-size: 12pt;\"> Hauptstadt: Salisbury<\/span><br \/>\n<span style=\"font-size: 12pt;\"> Zeitzone: UTC+2<\/span><br \/>\n<span style=\"font-size: 12pt;\"> W\u00e4hrung: Kunga Dollar<\/span><br \/>\n<span style=\"font-size: 12pt;\"> Bruttoinlandsprodukt: 10,5 Mrd US$<\/span><br \/>\n<span style=\"font-size: 12pt;\"> Fl\u00e4che: 390.757km2<\/span><br \/>\n<span style=\"font-size: 12pt;\"> Einwohner: 12.084.304<\/span><br \/>\n<span style=\"font-size: 12pt;\"> Kfz-Kennzeichen: RKU<\/span><br \/>\n<span style=\"font-size: 12pt;\"> Regierungssystem: KRA Diktatur<\/span><br \/>\n<span style=\"font-size: 12pt;\"> Staatsoberhaupt: Gen. Adm. Dr. Baptiste Mbolea<\/span><\/p>\n<p><span style=\"font-size: 12pt;\">Als 1965 Kunga aus dem Comonwealth Verbund in die Unabh\u00e4ngigkeit entlassen wurde, bildete sich eine demokratische Regierung heraus, welche eine westliche Struktur und Regierungsform installierte, die unter dessen Herrschaft das Land aufbl\u00fchte. Zwei\u00a0Faktoren machten das Land und den Gro\u00dfteil der Bev\u00f6lkerung reich. Die Bodensch\u00e4tze, wie Gold und Diamanten, welche nur vereinzelnd\u00a0in Provinzen vorkommen sowie der Landwirtschaftssektor, welcher das ganze Land einschlie\u00dft.<\/span><\/p>\n<p><span style=\"font-size: 12pt;\">Ab 1974\u00a0<span class=\"postbody\">kam es in\u00a0 Kunga, bekannt f\u00fcr seine Diamantenvorkommen, immer wieder zu bewaffneten Konflikten. Als Ausl\u00f6ser dieser Konflikte wird historisch der Kampf der <strong><span style=\"color: #009c00;\">Kunganian Home Front (KHF)<\/span><\/strong>\u00a0gegen den Gro\u00dfkonzern <strong><span style=\"color: #337dff;\"><a style=\"color: #337dff;\" href=\"http:\/\/www.aslabor.de\/opd\/fraktionen\/gsf\/\" rel=\"noopener\">Global Support Foundation (GSF)<\/a><\/span><\/strong>\u00a0betrachtet, aus welchem die <strong><span style=\"color: #009c00;\">KHF\u00a0<\/span><\/strong>siegreich hervorging. Anstatt jedoch den Konzern aus dem Land zu vertreiben, entschloss sich die korrupte Regierung Kungas mit der <strong><span style=\"color: #337dff;\"><a style=\"color: #337dff;\" href=\"http:\/\/www.aslabor.de\/opd\/fraktionen\/gsf\/\" rel=\"noopener\">GSF<\/a>\u00a0<\/span><\/strong>zu kooperieren, was zum ersten B\u00fcrgerkrieg Kungas f\u00fchrte. Erstmals standen sich regul\u00e4re Kr\u00e4fte, die <span style=\"color: #731818;\"><strong><a style=\"color: #731818;\" href=\"http:\/\/www.aslabor.de\/opd\/fraktionen\/kra\/\" rel=\"noopener\">Kunganian Regular Army (KRA)<\/a><\/strong><\/span>\u00a0und Guerillakr\u00e4fte der <strong><span style=\"color: #009c00;\">KHF\u00a0<\/span><\/strong>gegen\u00fcber. Die <strong><span style=\"color: #009c00;\">KHF<\/span><\/strong>-Veteranen, die auch schon den Kampf gegen die Sicherheitskr\u00e4fte der <strong><span style=\"color: #337dff;\"><a style=\"color: #337dff;\" href=\"http:\/\/www.aslabor.de\/opd\/fraktionen\/gsf\/\" rel=\"noopener\">GSF<\/a>\u00a0<\/span><\/strong>gewannen, konnten erneut siegen und aus ihren Reihen wurde \u201eEl Commandante\u201c zum ersten freien Pr\u00e4sidenten Kungas gew\u00e4hlt.<\/span><\/span><\/p>\n<p><span class=\"postbody\" style=\"font-size: 12pt;\">Die neu aufgestellte und aus der <span class=\"postbody\"><strong><span style=\"color: #009c00;\">KHF\u00a0<\/span><\/strong><\/span>gebildete <strong><span style=\"color: #009c00;\"><a style=\"color: #009c00;\" href=\"http:\/\/www.aslabor.de\/opd\/fraktionen\/kgf\/\" rel=\"noopener\">Kunganian Guard Force (KGF)<\/a><\/span><\/strong>\u00a0vertrieb alte Regimeloyalisten und es kehrte erstmals ein kleiner Wohlstand in das Land ein. Dieser sollte jedoch nicht lange anhalten, denn durch den Tod \u201eEl Presidentes\u201c, wie sich \u201eEl Commandante\u201c seit seinem Machtantritt nannte, erkannten alte Milit\u00e4rs ihre Chance und versuchten wieder in Kunga Fu\u00df zu fassen. Offiziell war dies der zweite B\u00fcrgerkrieg Kungas.<\/span><\/p>\n<p><span class=\"postbody\" style=\"font-size: 12pt;\">Geheime Dokumente der <span class=\"postbody\"><strong><span style=\"color: #337dff;\"><a style=\"color: #337dff;\" href=\"http:\/\/www.aslabor.de\/opd\/fraktionen\/gsf\/\" rel=\"noopener\">GSF<\/a><\/span><\/strong><\/span>, welche durch eine anonyme Quelle an die Presse geleitet worden waren, bezeichnen diesen Konflikt jedoch als OPD3, was viele als Beweis sehen, dass der Konzern seit mehreren Jahren gezielt f\u00fcr die Unruhen im Land verantwortlich ist.\u00a0Was auch der Wahrheit entspricht, denn Fakt ist: Das alte Regime konnte den letzten Krieg f\u00fcr sich entscheiden und unterdr\u00fcckt seit dem Sieg die Bev\u00f6lkerung zu seinem Vorteil. Zwangsarbeit, Zensur, Raub und Verschleppung sind an der Tagesordnung. Doch das Volk begehrt langsam auf. Immer wieder greifen <strong><span style=\"color: #009c00;\"><a style=\"color: #009c00;\" href=\"http:\/\/www.aslabor.de\/opd\/fraktionen\/kgf\/\" rel=\"noopener\">KGF<\/a><\/span><\/strong>-Guerillatrupps <span class=\"postbody\"><span style=\"color: #731818;\"><strong><a style=\"color: #731818;\" href=\"http:\/\/www.aslabor.de\/opd\/fraktionen\/kra\/\" rel=\"noopener\">KRA<\/a><\/strong><\/span><\/span>-Patroullien an und bekommen insgeheim Unterst\u00fctzung aus der Bev\u00f6lkerung.<\/span><\/p>\n<p style=\"text-align: center;\"><span style=\"font-size: 14pt;\"><strong><img loading=\"lazy\" decoding=\"async\" class=\"alignnone wp-image-241\" src=\"http:\/\/www.aslabor.de\/wp-content\/uploads\/2017\/11\/Tickets.png\" alt=\"\" width=\"64\" height=\"64\" \/> <a class=\"wpb_button\" href=\"http:\/\/www.aslabor.de\/shop\/produkt-kategorie\/grensoorlog\/\" target=\"_blank\" rel=\"noopener noreferrer\">AUF NACH KUNGA!<\/a> <img loading=\"lazy\" decoding=\"async\" class=\"alignnone wp-image-242\" src=\"http:\/\/www.aslabor.de\/wp-content\/uploads\/2017\/11\/Tickets2.png\" alt=\"\" width=\"64\" height=\"64\" \/><\/strong><\/span><\/p>\n","protected":false},"excerpt":{"rendered":"<p>Staatsform: Republik Hauptstadt: Salisbury Zeitzone: UTC+2 W\u00e4hrung: Kunga Dollar Bruttoinlandsprodukt: 10,5 Mrd US$ Fl\u00e4che: 390.757km2 Einwohner: 12.084.304 Kfz-Kennzeichen: RKU Regierungssystem: KRA Diktatur Staatsoberhaupt: Gen. Adm. Dr. Baptiste Mbolea Als 1965 Kunga aus dem Comonwealth Verbund in die Unabh\u00e4ngigkeit entlassen wurde, bildete sich eine demokratische Regierung heraus, welche eine westliche Struktur und Regierungsform installierte, die unter [&hellip;]<\/p>\n","protected":false},"author":1,"featured_media":0,"parent":0,"menu_order":0,"comment_status":"closed","ping_status":"closed","template":"","meta":{"footnotes":""},"class_list":["post-22","page","type-page","status-publish","hentry"],"_links":{"self":[{"href":"http:\/\/www.aslabor.de\/opd\/wp-json\/wp\/v2\/pages\/22","targetHints":{"allow":["GET"]}}],"collection":[{"href":"http:\/\/www.aslabor.de\/opd\/wp-json\/wp\/v2\/pages"}],"about":[{"href":"http:\/\/www.aslabor.de\/opd\/wp-json\/wp\/v2\/types\/page"}],"author":[{"embeddable":true,"href":"http:\/\/www.aslabor.de\/opd\/wp-json\/wp\/v2\/users\/1"}],"replies":[{"embeddable":true,"href":"http:\/\/www.aslabor.de\/opd\/wp-json\/wp\/v2\/comments?post=22"}],"version-history":[{"count":20,"href":"http:\/\/www.aslabor.de\/opd\/wp-json\/wp\/v2\/pages\/22\/revisions"}],"predecessor-version":[{"id":328,"href":"http:\/\/www.aslabor.de\/opd\/wp-json\/wp\/v2\/pages\/22\/revisions\/328"}],"wp:attachment":[{"href":"http:\/\/www.aslabor.de\/opd\/wp-json\/wp\/v2\/media?parent=22"}],"curies":[{"name":"wp","href":"https:\/\/api.w.org\/{rel}","templated":true}]}}