{"id":13,"date":"2017-11-03T10:39:04","date_gmt":"2017-11-03T09:39:04","guid":{"rendered":"http:\/\/www.aslabor.de\/opd\/?page_id=13"},"modified":"2019-05-03T08:32:04","modified_gmt":"2019-05-03T06:32:04","slug":"kra","status":"publish","type":"page","link":"http:\/\/www.aslabor.de\/opd\/fraktionen\/kra\/","title":{"rendered":"Kunganian Regulary Army &#8211; Die Armee der Regierungsmacht!"},"content":{"rendered":"<p><span style=\"font-size: 14pt;\"><img loading=\"lazy\" decoding=\"async\" class=\"alignnone size-medium wp-image-189 aligncenter\" src=\"http:\/\/www.aslabor.de\/opd\/wp-content\/uploads\/2017\/12\/KRA-243x300.png\" alt=\"\" width=\"243\" height=\"300\" srcset=\"http:\/\/www.aslabor.de\/opd\/wp-content\/uploads\/2017\/12\/KRA-243x300.png 243w, http:\/\/www.aslabor.de\/opd\/wp-content\/uploads\/2017\/12\/KRA-768x950.png 768w, http:\/\/www.aslabor.de\/opd\/wp-content\/uploads\/2017\/12\/KRA-828x1024.png 828w, http:\/\/www.aslabor.de\/opd\/wp-content\/uploads\/2017\/12\/KRA-750x927.png 750w, http:\/\/www.aslabor.de\/opd\/wp-content\/uploads\/2017\/12\/KRA-19x24.png 19w, http:\/\/www.aslabor.de\/opd\/wp-content\/uploads\/2017\/12\/KRA-29x36.png 29w, http:\/\/www.aslabor.de\/opd\/wp-content\/uploads\/2017\/12\/KRA-39x48.png 39w\" sizes=\"auto, (max-width: 243px) 100vw, 243px\" \/><\/span><\/p>\n<p><span style=\"font-size: 12pt;\">Aktuell ist die <span style=\"color: #731818;\"><strong><a style=\"color: #731818;\" href=\"http:\/\/www.aslabor.de\/opd\/fraktionen\/kra\/\" rel=\"noopener\">Kunganian Regular Army (KRA)<\/a><\/strong><\/span>\u00a0an der <strong>Macht<\/strong> in <a href=\"http:\/\/www.aslabor.de\/opd\/kunga\/\" target=\"_blank\" rel=\"noopener noreferrer\"><strong>Kunga<\/strong><\/a> und versucht diese <strong>mit allen Mitteln<\/strong> zu halten. Sie \u00fcbernimmt daher sowohl <strong>milit\u00e4rische<\/strong> als auch <strong>polizeiliche Aufgaben<\/strong> und geht daher <strong>nicht zimperlich<\/strong> mit der Zivilbev\u00f6lkerung sowie der <strong><span style=\"color: #009c00;\"><a style=\"color: #009c00;\" href=\"http:\/\/www.aslabor.de\/opd\/fraktionen\/kgf\/\" rel=\"noopener\">Kunganian Guard Force (KGF)<\/a><\/span><\/strong> um.<\/span><\/p>\n<p style=\"text-align: center;\"><span style=\"color: #731818;\"><strong><span style=\"font-size: 14pt;\">Die Bewachung von wichtigen Geb\u00e4uden, Personenkontrollen und das Unterbinden von Aufst\u00e4nden sowie milit\u00e4rische Pr\u00e4ventivschl\u00e4ge geh\u00f6ren zu Ihrem Aufgabenbereich.<br \/>\n<\/span><\/strong><\/span><\/p>\n<p><span style=\"font-size: 14pt;\"><strong><img loading=\"lazy\" decoding=\"async\" class=\"alignnone wp-image-102\" src=\"http:\/\/www.aslabor.de\/opd\/wp-content\/uploads\/2017\/11\/icon_char_300x300.png\" alt=\"\" width=\"32\" height=\"32\" srcset=\"http:\/\/www.aslabor.de\/opd\/wp-content\/uploads\/2017\/11\/icon_char_300x300.png 300w, http:\/\/www.aslabor.de\/opd\/wp-content\/uploads\/2017\/11\/icon_char_300x300-150x150.png 150w, http:\/\/www.aslabor.de\/opd\/wp-content\/uploads\/2017\/11\/icon_char_300x300-24x24.png 24w, http:\/\/www.aslabor.de\/opd\/wp-content\/uploads\/2017\/11\/icon_char_300x300-36x36.png 36w, http:\/\/www.aslabor.de\/opd\/wp-content\/uploads\/2017\/11\/icon_char_300x300-48x48.png 48w\" sizes=\"auto, (max-width: 32px) 100vw, 32px\" \/>\u00a0Spielweise:<\/strong><\/span><\/p>\n<ul>\n<li><span style=\"color: #ff6600; font-size: 12pt;\">30% LARP<\/span><\/li>\n<li><span style=\"color: #008000; font-size: 12pt;\">30% Offensive<\/span><\/li>\n<li><span style=\"color: #ff0000; font-size: 12pt;\">40% Defensive<\/span><\/li>\n<\/ul>\n<p><span style=\"font-size: 14pt;\"><strong><img loading=\"lazy\" decoding=\"async\" class=\"alignnone wp-image-121\" src=\"http:\/\/www.aslabor.de\/opd\/wp-content\/uploads\/2017\/11\/shirt.png\" alt=\"\" width=\"32\" height=\"32\" srcset=\"http:\/\/www.aslabor.de\/opd\/wp-content\/uploads\/2017\/11\/shirt.png 512w, http:\/\/www.aslabor.de\/opd\/wp-content\/uploads\/2017\/11\/shirt-150x150.png 150w, http:\/\/www.aslabor.de\/opd\/wp-content\/uploads\/2017\/11\/shirt-300x300.png 300w, http:\/\/www.aslabor.de\/opd\/wp-content\/uploads\/2017\/11\/shirt-24x24.png 24w, http:\/\/www.aslabor.de\/opd\/wp-content\/uploads\/2017\/11\/shirt-36x36.png 36w, http:\/\/www.aslabor.de\/opd\/wp-content\/uploads\/2017\/11\/shirt-48x48.png 48w\" sizes=\"auto, (max-width: 32px) 100vw, 32px\" \/>\u00a0Kleidung:<\/strong><\/span><\/p>\n<ul>\n<li><span style=\"color: #008000; font-size: 12pt;\"><img loading=\"lazy\" decoding=\"async\" class=\"alignnone wp-image-317\" src=\"http:\/\/www.aslabor.de\/opd\/wp-content\/uploads\/2018\/01\/barett-rot.png\" alt=\"\" width=\"32\" height=\"32\" srcset=\"http:\/\/www.aslabor.de\/opd\/wp-content\/uploads\/2018\/01\/barett-rot.png 300w, http:\/\/www.aslabor.de\/opd\/wp-content\/uploads\/2018\/01\/barett-rot-150x150.png 150w, http:\/\/www.aslabor.de\/opd\/wp-content\/uploads\/2018\/01\/barett-rot-24x24.png 24w, http:\/\/www.aslabor.de\/opd\/wp-content\/uploads\/2018\/01\/barett-rot-36x36.png 36w, http:\/\/www.aslabor.de\/opd\/wp-content\/uploads\/2018\/01\/barett-rot-48x48.png 48w\" sizes=\"auto, (max-width: 32px) 100vw, 32px\" \/>\u00a0r\u00f6tliches Barett oder Buschhut (Boonie) oder\u00a0Feldm\u00fctze (Armycap) in Oliv, Sandfarben oder u.g. Tarnmuster Pflicht<\/span><\/li>\n<li><span style=\"color: #008000; font-size: 12pt;\">komplette Uniform in Oliv, Sandfarben oder u.g. Tarnmuster Voraussetzung\u00a0 (Hose mit Bluse\/Hemd\/Jacke)<\/span><\/li>\n<li><span style=\"color: #ff0000; font-size: 12pt;\"><img loading=\"lazy\" decoding=\"async\" class=\"alignnone wp-image-318\" src=\"http:\/\/www.aslabor.de\/opd\/wp-content\/uploads\/2018\/01\/verbot-1024x1024.png\" alt=\"\" width=\"32\" height=\"32\" srcset=\"http:\/\/www.aslabor.de\/opd\/wp-content\/uploads\/2018\/01\/verbot-1024x1024.png 1024w, http:\/\/www.aslabor.de\/opd\/wp-content\/uploads\/2018\/01\/verbot-150x150.png 150w, http:\/\/www.aslabor.de\/opd\/wp-content\/uploads\/2018\/01\/verbot-300x300.png 300w, http:\/\/www.aslabor.de\/opd\/wp-content\/uploads\/2018\/01\/verbot-768x768.png 768w, http:\/\/www.aslabor.de\/opd\/wp-content\/uploads\/2018\/01\/verbot-750x750.png 750w, http:\/\/www.aslabor.de\/opd\/wp-content\/uploads\/2018\/01\/verbot-24x24.png 24w, http:\/\/www.aslabor.de\/opd\/wp-content\/uploads\/2018\/01\/verbot-36x36.png 36w, http:\/\/www.aslabor.de\/opd\/wp-content\/uploads\/2018\/01\/verbot-48x48.png 48w, http:\/\/www.aslabor.de\/opd\/wp-content\/uploads\/2018\/01\/verbot.png 1280w\" sizes=\"auto, (max-width: 32px) 100vw, 32px\" \/>\u00a0KGF\u00a0vorbehaltene und moderne \u00a0sowie zivile Kleidung (Basecaps, Combat Shirts, Shemags ect.) \u00a0verboten<\/span><\/li>\n<\/ul>\n<p><span style=\"font-size: 14pt;\"><strong><img loading=\"lazy\" decoding=\"async\" class=\"alignnone wp-image-113\" src=\"http:\/\/www.aslabor.de\/opd\/wp-content\/uploads\/2017\/11\/Gear.png\" alt=\"\" width=\"32\" height=\"32\" srcset=\"http:\/\/www.aslabor.de\/opd\/wp-content\/uploads\/2017\/11\/Gear.png 512w, http:\/\/www.aslabor.de\/opd\/wp-content\/uploads\/2017\/11\/Gear-150x150.png 150w, http:\/\/www.aslabor.de\/opd\/wp-content\/uploads\/2017\/11\/Gear-300x300.png 300w, http:\/\/www.aslabor.de\/opd\/wp-content\/uploads\/2017\/11\/Gear-24x24.png 24w, http:\/\/www.aslabor.de\/opd\/wp-content\/uploads\/2017\/11\/Gear-36x36.png 36w, http:\/\/www.aslabor.de\/opd\/wp-content\/uploads\/2017\/11\/Gear-48x48.png 48w\" sizes=\"auto, (max-width: 32px) 100vw, 32px\" \/>\u00a0Ausr\u00fcstung:<\/strong><\/span><\/p>\n<ul>\n<li><span style=\"color: #008000; font-size: 12pt;\">Mix aus oliven und sandfarbenen Tragesystemen\/Taschen erlaubt<\/span><\/li>\n<li><span style=\"color: #008000; font-size: 12pt;\">alte Koppelsysteme (BW, US ect.), einzelne G\u00fcrteltaschen (Stoff, Leder ect.), einfache Kampfmittelwesten (EPHOD ect.) oder \u00a0MOLLE-lose Chest-Rigs (BE-X, Condor, Mil-Tec ect.) erlaubt<\/span><\/li>\n<li><span style=\"color: #008000; font-size: 12pt;\">olive und sandfarbene\u00a0sowie u.g. Tarnmuster-farbene Tragesysteme\/Taschen bei Verwendung vorausgesetzt<\/span><\/li>\n<li><span style=\"color: #ff0000; font-size: 12pt;\"><img loading=\"lazy\" decoding=\"async\" class=\"alignnone wp-image-318\" src=\"http:\/\/www.aslabor.de\/opd\/wp-content\/uploads\/2018\/01\/verbot-1024x1024.png\" alt=\"\" width=\"32\" height=\"32\" srcset=\"http:\/\/www.aslabor.de\/opd\/wp-content\/uploads\/2018\/01\/verbot-1024x1024.png 1024w, http:\/\/www.aslabor.de\/opd\/wp-content\/uploads\/2018\/01\/verbot-150x150.png 150w, http:\/\/www.aslabor.de\/opd\/wp-content\/uploads\/2018\/01\/verbot-300x300.png 300w, http:\/\/www.aslabor.de\/opd\/wp-content\/uploads\/2018\/01\/verbot-768x768.png 768w, http:\/\/www.aslabor.de\/opd\/wp-content\/uploads\/2018\/01\/verbot-750x750.png 750w, http:\/\/www.aslabor.de\/opd\/wp-content\/uploads\/2018\/01\/verbot-24x24.png 24w, http:\/\/www.aslabor.de\/opd\/wp-content\/uploads\/2018\/01\/verbot-36x36.png 36w, http:\/\/www.aslabor.de\/opd\/wp-content\/uploads\/2018\/01\/verbot-48x48.png 48w, http:\/\/www.aslabor.de\/opd\/wp-content\/uploads\/2018\/01\/verbot.png 1280w\" sizes=\"auto, (max-width: 32px) 100vw, 32px\" \/>\u00a0KGF vorbehaltene und moderne \u00a0Ausr\u00fcstung (Battlebelts, Plattentr\u00e4ger, Westen, jegliche MOLLE-Systeme\u00a0ect.) verboten<\/span><\/li>\n<\/ul>\n<p><span style=\"font-size: 14pt;\"><strong><img loading=\"lazy\" decoding=\"async\" class=\"alignnone wp-image-118\" src=\"http:\/\/www.aslabor.de\/opd\/wp-content\/uploads\/2017\/11\/AK.png\" alt=\"\" width=\"32\" height=\"32\" srcset=\"http:\/\/www.aslabor.de\/opd\/wp-content\/uploads\/2017\/11\/AK.png 512w, http:\/\/www.aslabor.de\/opd\/wp-content\/uploads\/2017\/11\/AK-150x150.png 150w, http:\/\/www.aslabor.de\/opd\/wp-content\/uploads\/2017\/11\/AK-300x300.png 300w, http:\/\/www.aslabor.de\/opd\/wp-content\/uploads\/2017\/11\/AK-24x24.png 24w, http:\/\/www.aslabor.de\/opd\/wp-content\/uploads\/2017\/11\/AK-36x36.png 36w, http:\/\/www.aslabor.de\/opd\/wp-content\/uploads\/2017\/11\/AK-48x48.png 48w\" sizes=\"auto, (max-width: 32px) 100vw, 32px\" \/>\u00a0Bewaffnung:<\/strong><\/span><\/p>\n<ul>\n<li><span style=\"color: #008000; font-size: 12pt;\"><img loading=\"lazy\" decoding=\"async\" class=\"alignnone wp-image-315\" src=\"http:\/\/www.aslabor.de\/opd\/wp-content\/uploads\/2018\/01\/checked.png\" alt=\"\" width=\"32\" height=\"32\" srcset=\"http:\/\/www.aslabor.de\/opd\/wp-content\/uploads\/2018\/01\/checked.png 512w, http:\/\/www.aslabor.de\/opd\/wp-content\/uploads\/2018\/01\/checked-150x150.png 150w, http:\/\/www.aslabor.de\/opd\/wp-content\/uploads\/2018\/01\/checked-300x300.png 300w, http:\/\/www.aslabor.de\/opd\/wp-content\/uploads\/2018\/01\/checked-24x24.png 24w, http:\/\/www.aslabor.de\/opd\/wp-content\/uploads\/2018\/01\/checked-36x36.png 36w, http:\/\/www.aslabor.de\/opd\/wp-content\/uploads\/2018\/01\/checked-48x48.png 48w\" sizes=\"auto, (max-width: 32px) 100vw, 32px\" \/>\u00a0alle Waffentypen und -Modelle zugelassen<\/span><\/li>\n<li><span style=\"color: #ff0000; font-size: 12pt;\"><img loading=\"lazy\" decoding=\"async\" class=\"alignnone wp-image-316\" src=\"http:\/\/www.aslabor.de\/opd\/wp-content\/uploads\/2018\/01\/ak47.png\" alt=\"\" width=\"32\" height=\"16\" srcset=\"http:\/\/www.aslabor.de\/opd\/wp-content\/uploads\/2018\/01\/ak47.png 640w, http:\/\/www.aslabor.de\/opd\/wp-content\/uploads\/2018\/01\/ak47-300x153.png 300w, http:\/\/www.aslabor.de\/opd\/wp-content\/uploads\/2018\/01\/ak47-24x12.png 24w, http:\/\/www.aslabor.de\/opd\/wp-content\/uploads\/2018\/01\/ak47-36x18.png 36w, http:\/\/www.aslabor.de\/opd\/wp-content\/uploads\/2018\/01\/ak47-48x24.png 48w\" sizes=\"auto, (max-width: 32px) 100vw, 32px\" \/>\u00a0bevorzugt Waffen vor 1980 und\u00a0mit Holzoptik\u00a0zu verwenden<\/span><\/li>\n<\/ul>\n<p><span style=\"font-size: 14pt;\"><strong><img loading=\"lazy\" decoding=\"async\" class=\"alignnone wp-image-124\" src=\"http:\/\/www.aslabor.de\/opd\/wp-content\/uploads\/2017\/11\/soldier.png\" alt=\"\" width=\"32\" height=\"32\" srcset=\"http:\/\/www.aslabor.de\/opd\/wp-content\/uploads\/2017\/11\/soldier.png 512w, http:\/\/www.aslabor.de\/opd\/wp-content\/uploads\/2017\/11\/soldier-150x150.png 150w, http:\/\/www.aslabor.de\/opd\/wp-content\/uploads\/2017\/11\/soldier-300x300.png 300w, http:\/\/www.aslabor.de\/opd\/wp-content\/uploads\/2017\/11\/soldier-24x24.png 24w, http:\/\/www.aslabor.de\/opd\/wp-content\/uploads\/2017\/11\/soldier-36x36.png 36w, http:\/\/www.aslabor.de\/opd\/wp-content\/uploads\/2017\/11\/soldier-48x48.png 48w\" sizes=\"auto, (max-width: 32px) 100vw, 32px\" \/>\u00a0Erlaubte Uniform-Tarnmuster &amp; Unifarben:<\/strong><\/span><\/p>\n<p><span style=\"font-size: 12pt;\">Bei Uniformen\u00a0sind alle Arten und Sorten der genannten Tarnmuster und Unifarben sowie deren Kopien erlaubt.<\/span><\/p>\n<ul>\n<li><a href=\"http:\/\/www.aslabor.de\/opd\/wp-content\/uploads\/2017\/12\/3CD.png\"><img loading=\"lazy\" decoding=\"async\" class=\"alignnone wp-image-193\" src=\"http:\/\/www.aslabor.de\/opd\/wp-content\/uploads\/2017\/12\/3CD-300x300.png\" alt=\"3-Color Desert\" width=\"32\" height=\"32\" srcset=\"http:\/\/www.aslabor.de\/opd\/wp-content\/uploads\/2017\/12\/3CD-300x300.png 300w, http:\/\/www.aslabor.de\/opd\/wp-content\/uploads\/2017\/12\/3CD-150x150.png 150w, http:\/\/www.aslabor.de\/opd\/wp-content\/uploads\/2017\/12\/3CD-24x24.png 24w, http:\/\/www.aslabor.de\/opd\/wp-content\/uploads\/2017\/12\/3CD-36x36.png 36w, http:\/\/www.aslabor.de\/opd\/wp-content\/uploads\/2017\/12\/3CD-48x48.png 48w, http:\/\/www.aslabor.de\/opd\/wp-content\/uploads\/2017\/12\/3CD.png 500w\" sizes=\"auto, (max-width: 32px) 100vw, 32px\" \/><\/a>\u00a03-Color Desert<\/li>\n<li><a href=\"http:\/\/www.aslabor.de\/opd\/wp-content\/uploads\/2017\/12\/6colordesert.jpg\"><img loading=\"lazy\" decoding=\"async\" class=\"alignnone wp-image-194\" src=\"http:\/\/www.aslabor.de\/opd\/wp-content\/uploads\/2017\/12\/6colordesert-300x300.jpg\" alt=\"6-Color Desert\" width=\"32\" height=\"32\" srcset=\"http:\/\/www.aslabor.de\/opd\/wp-content\/uploads\/2017\/12\/6colordesert-300x300.jpg 300w, http:\/\/www.aslabor.de\/opd\/wp-content\/uploads\/2017\/12\/6colordesert-150x150.jpg 150w, http:\/\/www.aslabor.de\/opd\/wp-content\/uploads\/2017\/12\/6colordesert-768x769.jpg 768w, http:\/\/www.aslabor.de\/opd\/wp-content\/uploads\/2017\/12\/6colordesert-1024x1024.jpg 1024w, http:\/\/www.aslabor.de\/opd\/wp-content\/uploads\/2017\/12\/6colordesert-750x751.jpg 750w, http:\/\/www.aslabor.de\/opd\/wp-content\/uploads\/2017\/12\/6colordesert-24x24.jpg 24w, http:\/\/www.aslabor.de\/opd\/wp-content\/uploads\/2017\/12\/6colordesert-36x36.jpg 36w, http:\/\/www.aslabor.de\/opd\/wp-content\/uploads\/2017\/12\/6colordesert-48x48.jpg 48w, http:\/\/www.aslabor.de\/opd\/wp-content\/uploads\/2017\/12\/6colordesert.jpg 1199w\" sizes=\"auto, (max-width: 32px) 100vw, 32px\" \/><\/a>\u00a06-Color Desert<\/li>\n<li><a href=\"http:\/\/www.aslabor.de\/opd\/wp-content\/uploads\/2018\/01\/bw-tropen.jpg\"><img loading=\"lazy\" decoding=\"async\" class=\"alignnone wp-image-283\" src=\"http:\/\/www.aslabor.de\/opd\/wp-content\/uploads\/2018\/01\/bw-tropen.jpg\" alt=\"BW Tropentarn \/ W\u00fcstentarn\" width=\"32\" height=\"32\" srcset=\"http:\/\/www.aslabor.de\/opd\/wp-content\/uploads\/2018\/01\/bw-tropen.jpg 440w, http:\/\/www.aslabor.de\/opd\/wp-content\/uploads\/2018\/01\/bw-tropen-150x150.jpg 150w, http:\/\/www.aslabor.de\/opd\/wp-content\/uploads\/2018\/01\/bw-tropen-300x300.jpg 300w, http:\/\/www.aslabor.de\/opd\/wp-content\/uploads\/2018\/01\/bw-tropen-24x24.jpg 24w, http:\/\/www.aslabor.de\/opd\/wp-content\/uploads\/2018\/01\/bw-tropen-36x36.jpg 36w, http:\/\/www.aslabor.de\/opd\/wp-content\/uploads\/2018\/01\/bw-tropen-48x48.jpg 48w\" sizes=\"auto, (max-width: 32px) 100vw, 32px\" \/><\/a>\u00a0BW Tropentarn \/ W\u00fcstentarn<\/li>\n<li><a href=\"http:\/\/www.aslabor.de\/opd\/wp-content\/uploads\/2017\/12\/DDPM.png\"><img loading=\"lazy\" decoding=\"async\" class=\"alignnone wp-image-195\" src=\"http:\/\/www.aslabor.de\/opd\/wp-content\/uploads\/2017\/12\/DDPM-300x300.png\" alt=\"DPM Desert\" width=\"32\" height=\"32\" srcset=\"http:\/\/www.aslabor.de\/opd\/wp-content\/uploads\/2017\/12\/DDPM-300x300.png 300w, http:\/\/www.aslabor.de\/opd\/wp-content\/uploads\/2017\/12\/DDPM-150x150.png 150w, http:\/\/www.aslabor.de\/opd\/wp-content\/uploads\/2017\/12\/DDPM-24x24.png 24w, http:\/\/www.aslabor.de\/opd\/wp-content\/uploads\/2017\/12\/DDPM-36x36.png 36w, http:\/\/www.aslabor.de\/opd\/wp-content\/uploads\/2017\/12\/DDPM-48x48.png 48w, http:\/\/www.aslabor.de\/opd\/wp-content\/uploads\/2017\/12\/DDPM.png 500w\" sizes=\"auto, (max-width: 32px) 100vw, 32px\" \/><\/a>\u00a0DPM Desert<\/li>\n<li><a href=\"http:\/\/www.aslabor.de\/opd\/wp-content\/uploads\/2018\/01\/duckhunter-desert.jpg\"><img loading=\"lazy\" decoding=\"async\" class=\"alignnone wp-image-301\" src=\"http:\/\/www.aslabor.de\/opd\/wp-content\/uploads\/2018\/01\/duckhunter-desert.jpg\" alt=\"Duck Hunter Desert\" width=\"32\" height=\"32\" srcset=\"http:\/\/www.aslabor.de\/opd\/wp-content\/uploads\/2018\/01\/duckhunter-desert.jpg 600w, http:\/\/www.aslabor.de\/opd\/wp-content\/uploads\/2018\/01\/duckhunter-desert-150x150.jpg 150w, http:\/\/www.aslabor.de\/opd\/wp-content\/uploads\/2018\/01\/duckhunter-desert-300x300.jpg 300w, http:\/\/www.aslabor.de\/opd\/wp-content\/uploads\/2018\/01\/duckhunter-desert-24x24.jpg 24w, http:\/\/www.aslabor.de\/opd\/wp-content\/uploads\/2018\/01\/duckhunter-desert-36x36.jpg 36w, http:\/\/www.aslabor.de\/opd\/wp-content\/uploads\/2018\/01\/duckhunter-desert-48x48.jpg 48w\" sizes=\"auto, (max-width: 32px) 100vw, 32px\" \/><\/a> Duck Hunter Desert<\/li>\n<li><img loading=\"lazy\" decoding=\"async\" class=\"alignnone wp-image-292\" src=\"http:\/\/www.aslabor.de\/opd\/wp-content\/uploads\/2018\/01\/KLMK-desert.jpg\" alt=\"KMLK\" width=\"32\" height=\"32\" srcset=\"http:\/\/www.aslabor.de\/opd\/wp-content\/uploads\/2018\/01\/KLMK-desert.jpg 600w, http:\/\/www.aslabor.de\/opd\/wp-content\/uploads\/2018\/01\/KLMK-desert-150x150.jpg 150w, http:\/\/www.aslabor.de\/opd\/wp-content\/uploads\/2018\/01\/KLMK-desert-300x300.jpg 300w, http:\/\/www.aslabor.de\/opd\/wp-content\/uploads\/2018\/01\/KLMK-desert-24x24.jpg 24w, http:\/\/www.aslabor.de\/opd\/wp-content\/uploads\/2018\/01\/KLMK-desert-36x36.jpg 36w, http:\/\/www.aslabor.de\/opd\/wp-content\/uploads\/2018\/01\/KLMK-desert-48x48.jpg 48w\" sizes=\"auto, (max-width: 32px) 100vw, 32px\" \/>\u00a0KLMK Desert \/ Mountain \/ Tropical<\/li>\n<li><a href=\"http:\/\/www.aslabor.de\/opd\/wp-content\/uploads\/2017\/12\/lizard_desert.jpg\"><img loading=\"lazy\" decoding=\"async\" class=\"alignnone wp-image-197\" src=\"http:\/\/www.aslabor.de\/opd\/wp-content\/uploads\/2017\/12\/lizard_desert-300x300.jpg\" alt=\"Lizard Desert\" width=\"32\" height=\"32\" srcset=\"http:\/\/www.aslabor.de\/opd\/wp-content\/uploads\/2017\/12\/lizard_desert-300x300.jpg 300w, http:\/\/www.aslabor.de\/opd\/wp-content\/uploads\/2017\/12\/lizard_desert-150x150.jpg 150w, http:\/\/www.aslabor.de\/opd\/wp-content\/uploads\/2017\/12\/lizard_desert-24x24.jpg 24w, http:\/\/www.aslabor.de\/opd\/wp-content\/uploads\/2017\/12\/lizard_desert-36x36.jpg 36w, http:\/\/www.aslabor.de\/opd\/wp-content\/uploads\/2017\/12\/lizard_desert-48x48.jpg 48w, http:\/\/www.aslabor.de\/opd\/wp-content\/uploads\/2017\/12\/lizard_desert.jpg 500w\" sizes=\"auto, (max-width: 32px) 100vw, 32px\" \/><\/a>\u00a0Lizard Desert<\/li>\n<li><a href=\"http:\/\/www.aslabor.de\/opd\/wp-content\/uploads\/2017\/12\/desert_tiger.jpg\"><img loading=\"lazy\" decoding=\"async\" class=\"alignnone wp-image-196\" src=\"http:\/\/www.aslabor.de\/opd\/wp-content\/uploads\/2017\/12\/desert_tiger-300x300.jpg\" alt=\"Tiger Stripe Desert\" width=\"32\" height=\"32\" srcset=\"http:\/\/www.aslabor.de\/opd\/wp-content\/uploads\/2017\/12\/desert_tiger-300x300.jpg 300w, http:\/\/www.aslabor.de\/opd\/wp-content\/uploads\/2017\/12\/desert_tiger-150x150.jpg 150w, http:\/\/www.aslabor.de\/opd\/wp-content\/uploads\/2017\/12\/desert_tiger-24x24.jpg 24w, http:\/\/www.aslabor.de\/opd\/wp-content\/uploads\/2017\/12\/desert_tiger-36x36.jpg 36w, http:\/\/www.aslabor.de\/opd\/wp-content\/uploads\/2017\/12\/desert_tiger-48x48.jpg 48w, http:\/\/www.aslabor.de\/opd\/wp-content\/uploads\/2017\/12\/desert_tiger.jpg 720w\" sizes=\"auto, (max-width: 32px) 100vw, 32px\" \/><\/a>\u00a0Tiger Stripe Desert<\/li>\n<li><a href=\"http:\/\/www.aslabor.de\/opd\/wp-content\/uploads\/2017\/12\/Oliv.jpg\"><img loading=\"lazy\" decoding=\"async\" class=\"alignnone wp-image-198\" src=\"http:\/\/www.aslabor.de\/opd\/wp-content\/uploads\/2017\/12\/Oliv-300x300.jpg\" alt=\"Oliv\" width=\"32\" height=\"32\" srcset=\"http:\/\/www.aslabor.de\/opd\/wp-content\/uploads\/2017\/12\/Oliv-300x300.jpg 300w, http:\/\/www.aslabor.de\/opd\/wp-content\/uploads\/2017\/12\/Oliv-150x150.jpg 150w, http:\/\/www.aslabor.de\/opd\/wp-content\/uploads\/2017\/12\/Oliv-24x24.jpg 24w, http:\/\/www.aslabor.de\/opd\/wp-content\/uploads\/2017\/12\/Oliv-36x36.jpg 36w, http:\/\/www.aslabor.de\/opd\/wp-content\/uploads\/2017\/12\/Oliv-48x48.jpg 48w, http:\/\/www.aslabor.de\/opd\/wp-content\/uploads\/2017\/12\/Oliv.jpg 500w\" sizes=\"auto, (max-width: 32px) 100vw, 32px\" \/><\/a>\u00a0Oliv<\/li>\n<li><a href=\"http:\/\/www.aslabor.de\/opd\/wp-content\/uploads\/2017\/12\/Sand.jpg\"><img loading=\"lazy\" decoding=\"async\" class=\"alignnone wp-image-199\" src=\"http:\/\/www.aslabor.de\/opd\/wp-content\/uploads\/2017\/12\/Sand-300x300.jpg\" alt=\"Sand\" width=\"32\" height=\"32\" srcset=\"http:\/\/www.aslabor.de\/opd\/wp-content\/uploads\/2017\/12\/Sand-300x300.jpg 300w, http:\/\/www.aslabor.de\/opd\/wp-content\/uploads\/2017\/12\/Sand-150x150.jpg 150w, http:\/\/www.aslabor.de\/opd\/wp-content\/uploads\/2017\/12\/Sand-24x24.jpg 24w, http:\/\/www.aslabor.de\/opd\/wp-content\/uploads\/2017\/12\/Sand-36x36.jpg 36w, http:\/\/www.aslabor.de\/opd\/wp-content\/uploads\/2017\/12\/Sand-48x48.jpg 48w, http:\/\/www.aslabor.de\/opd\/wp-content\/uploads\/2017\/12\/Sand.jpg 500w\" sizes=\"auto, (max-width: 32px) 100vw, 32px\" \/><\/a>\u00a0Sand<\/li>\n<\/ul>\n<p><img loading=\"lazy\" decoding=\"async\" class=\"size-full wp-image-256 aligncenter\" src=\"http:\/\/www.aslabor.de\/opd\/wp-content\/uploads\/2017\/12\/nodigicamo.jpg\" alt=\"\" width=\"800\" height=\"200\" srcset=\"http:\/\/www.aslabor.de\/opd\/wp-content\/uploads\/2017\/12\/nodigicamo.jpg 800w, http:\/\/www.aslabor.de\/opd\/wp-content\/uploads\/2017\/12\/nodigicamo-300x75.jpg 300w, http:\/\/www.aslabor.de\/opd\/wp-content\/uploads\/2017\/12\/nodigicamo-768x192.jpg 768w, http:\/\/www.aslabor.de\/opd\/wp-content\/uploads\/2017\/12\/nodigicamo-750x188.jpg 750w, http:\/\/www.aslabor.de\/opd\/wp-content\/uploads\/2017\/12\/nodigicamo-24x6.jpg 24w, http:\/\/www.aslabor.de\/opd\/wp-content\/uploads\/2017\/12\/nodigicamo-36x9.jpg 36w, http:\/\/www.aslabor.de\/opd\/wp-content\/uploads\/2017\/12\/nodigicamo-48x12.jpg 48w\" sizes=\"auto, (max-width: 800px) 100vw, 800px\" \/><\/p>\n<p style=\"text-align: center;\"><strong><img loading=\"lazy\" decoding=\"async\" class=\"alignnone wp-image-241\" src=\"http:\/\/www.aslabor.de\/wp-content\/uploads\/2017\/11\/Tickets.png\" alt=\"\" width=\"64\" height=\"64\" \/>\u00a0<a class=\"wpb_button_kra\" href=\"http:\/\/www.aslabor.de\/shop\/produkt\/ticket-kra\/\" target=\"_blank\" rel=\"noopener noreferrer\">UNTERST\u00dcTZE DIE KRA IN KUNGA!<\/a> <img loading=\"lazy\" decoding=\"async\" class=\"alignnone wp-image-242\" src=\"http:\/\/www.aslabor.de\/wp-content\/uploads\/2017\/11\/Tickets2.png\" alt=\"\" width=\"64\" height=\"64\" \/><\/strong><\/p>\n","protected":false},"excerpt":{"rendered":"<p>Aktuell ist die Kunganian Regular Army (KRA)\u00a0an der Macht in Kunga und versucht diese mit allen Mitteln zu halten. Sie \u00fcbernimmt daher sowohl milit\u00e4rische als auch polizeiliche Aufgaben und geht daher nicht zimperlich mit der Zivilbev\u00f6lkerung sowie der Kunganian Guard Force (KGF) um. Die Bewachung von wichtigen Geb\u00e4uden, Personenkontrollen und das Unterbinden von Aufst\u00e4nden sowie [&hellip;]<\/p>\n","protected":false},"author":1,"featured_media":0,"parent":244,"menu_order":0,"comment_status":"closed","ping_status":"closed","template":"","meta":{"footnotes":""},"class_list":["post-13","page","type-page","status-publish","hentry"],"_links":{"self":[{"href":"http:\/\/www.aslabor.de\/opd\/wp-json\/wp\/v2\/pages\/13","targetHints":{"allow":["GET"]}}],"collection":[{"href":"http:\/\/www.aslabor.de\/opd\/wp-json\/wp\/v2\/pages"}],"about":[{"href":"http:\/\/www.aslabor.de\/opd\/wp-json\/wp\/v2\/types\/page"}],"author":[{"embeddable":true,"href":"http:\/\/www.aslabor.de\/opd\/wp-json\/wp\/v2\/users\/1"}],"replies":[{"embeddable":true,"href":"http:\/\/www.aslabor.de\/opd\/wp-json\/wp\/v2\/comments?post=13"}],"version-history":[{"count":32,"href":"http:\/\/www.aslabor.de\/opd\/wp-json\/wp\/v2\/pages\/13\/revisions"}],"predecessor-version":[{"id":332,"href":"http:\/\/www.aslabor.de\/opd\/wp-json\/wp\/v2\/pages\/13\/revisions\/332"}],"up":[{"embeddable":true,"href":"http:\/\/www.aslabor.de\/opd\/wp-json\/wp\/v2\/pages\/244"}],"wp:attachment":[{"href":"http:\/\/www.aslabor.de\/opd\/wp-json\/wp\/v2\/media?parent=13"}],"curies":[{"name":"wp","href":"https:\/\/api.w.org\/{rel}","templated":true}]}}